{"id":752,"date":"2018-04-25T15:57:33","date_gmt":"2018-04-25T15:57:33","guid":{"rendered":"http:\/\/pesis.ch\/?page_id=752"},"modified":"2018-04-25T15:57:33","modified_gmt":"2018-04-25T15:57:33","slug":"2017-2","status":"publish","type":"page","link":"https:\/\/pesis.ch\/?page_id=752","title":{"rendered":"2017"},"content":{"rendered":"<p>\t\t\t\t<strong>Platzierung<br \/>\n<\/strong><\/p>\n<table>\n<tbody>\n<tr>\n<td><b>Rang<\/b><\/td>\n<td><b>Team<\/b><\/td>\n<\/tr>\n<tr>\n<td>1.<\/td>\n<td>Finnpesis-Solothurn<\/td>\n<\/tr>\n<tr>\n<td>2.<\/td>\n<td>Sinivalkoiset (Z\u00fcrich)<\/td>\n<\/tr>\n<tr>\n<td>3.<\/td>\n<td>Wintin Hurjat<\/td>\n<\/tr>\n<tr>\n<td>4.<\/td>\n<td>Pesis-Hirvet (Ostschweiz)<\/td>\n<\/tr>\n<\/tbody>\n<\/table>\n<p><strong>Referees: <\/strong>Eeva Kettunen, Will Critchley<\/p>\n<p><strong>Gesamttabelle nach 3\/3 Spieltagen<br \/>\n<\/strong><\/p>\n<table>\n<tbody>\n<tr>\n<td><b>Team<\/b><\/td>\n<td><b>L\u00e4ufe erzielt<\/b><\/td>\n<td><b>L\u00e4ufe erhalten<\/b><\/td>\n<td><b>Verh\u00e4ltnis<\/b><\/td>\n<td><b>Punkte<\/b><\/td>\n<\/tr>\n<tr>\n<td>Finnpesis-Solothurn<\/td>\n<td>42<\/td>\n<td>18<\/td>\n<td>+24<\/td>\n<td>16<\/td>\n<\/tr>\n<tr>\n<td>Sinivalkoiset<\/td>\n<td>21<\/td>\n<td>23<\/td>\n<td>-2<\/td>\n<td>7<\/td>\n<\/tr>\n<tr>\n<td>Wintin Hurjat<\/td>\n<td>26<\/td>\n<td>42<\/td>\n<td>-16<\/td>\n<td>7<\/td>\n<\/tr>\n<tr>\n<td>Pesis-Hirvet<\/td>\n<td>15<\/td>\n<td>20<\/td>\n<td>-5<\/td>\n<td>1<\/td>\n<\/tr>\n<\/tbody>\n<\/table>\n<p><strong>Spielberichte<\/strong><\/p>\n<p><a href=\"http:\/\/pesis.ch\/?p=583\">Erster Spieltag, 11. Juni 2017 \u2013 Solothurn<\/a><\/p>\n<p><strong>Die Platzierung aus dem Vorjahr (2016)<br \/>\n<\/strong><\/p>\n<ol>\n<li>Finnpesis Solothurn<\/li>\n<li>Wintin-Hurjat<\/li>\n<li>Z\u00fcrich Sinivalkoiset<\/li>\n<li>Pesis-Hirvet<\/li>\n<\/ol>\n","protected":false},"excerpt":{"rendered":"<p>Platzierung Rang Team 1. Finnpesis-Solothurn 2. Sinivalkoiset (Z\u00fcrich) 3. Wintin Hurjat 4. Pesis-Hirvet (Ostschweiz) Referees: Eeva Kettunen, Will Critchley Gesamttabelle nach 3\/3 Spieltagen Team L\u00e4ufe erzielt L\u00e4ufe erhalten Verh\u00e4ltnis Punkte Finnpesis-Solothurn 42 18 +24 16 Sinivalkoiset 21 23 -2 7 Wintin Hurjat 26 42 -16 7 Pesis-Hirvet 15 20 -5 1 Spielberichte Erster Spieltag, 11. [&hellip;]<\/p>\n","protected":false},"author":3,"featured_media":0,"parent":57,"menu_order":0,"comment_status":"closed","ping_status":"closed","template":"","meta":{"footnotes":""},"class_list":["post-752","page","type-page","status-publish","hentry","post-preview"],"_links":{"self":[{"href":"https:\/\/pesis.ch\/index.php?rest_route=\/wp\/v2\/pages\/752","targetHints":{"allow":["GET"]}}],"collection":[{"href":"https:\/\/pesis.ch\/index.php?rest_route=\/wp\/v2\/pages"}],"about":[{"href":"https:\/\/pesis.ch\/index.php?rest_route=\/wp\/v2\/types\/page"}],"author":[{"embeddable":true,"href":"https:\/\/pesis.ch\/index.php?rest_route=\/wp\/v2\/users\/3"}],"replies":[{"embeddable":true,"href":"https:\/\/pesis.ch\/index.php?rest_route=%2Fwp%2Fv2%2Fcomments&post=752"}],"version-history":[{"count":0,"href":"https:\/\/pesis.ch\/index.php?rest_route=\/wp\/v2\/pages\/752\/revisions"}],"up":[{"embeddable":true,"href":"https:\/\/pesis.ch\/index.php?rest_route=\/wp\/v2\/pages\/57"}],"wp:attachment":[{"href":"https:\/\/pesis.ch\/index.php?rest_route=%2Fwp%2Fv2%2Fmedia&parent=752"}],"curies":[{"name":"wp","href":"https:\/\/api.w.org\/{rel}","templated":true}]}}