{"id":577,"date":"2017-06-16T11:02:23","date_gmt":"2017-06-16T11:02:23","guid":{"rendered":"http:\/\/pesis.ch\/?page_id=577"},"modified":"2017-06-16T11:02:23","modified_gmt":"2017-06-16T11:02:23","slug":"2016-2","status":"publish","type":"page","link":"https:\/\/pesis.ch\/?page_id=577","title":{"rendered":"2016"},"content":{"rendered":"<p>\t\t\t\t<strong>Platzierung<br \/>\n<\/strong><\/p>\n<table>\n<tbody>\n<tr>\n<td><b>Rang<\/b><\/td>\n<td><b>Team<\/b><\/td>\n<\/tr>\n<tr>\n<td>1.<\/td>\n<td>Finnpesis-Solothurn<\/td>\n<\/tr>\n<tr>\n<td>2.<\/td>\n<td>Wintin Hurjat<\/td>\n<\/tr>\n<tr>\n<td>3.<\/td>\n<td>Sinivalkoiset (Z\u00fcrich)<\/td>\n<\/tr>\n<tr>\n<td>4.<\/td>\n<td>Pesis-Hirvet (Ostschweiz)<\/td>\n<\/tr>\n<\/tbody>\n<\/table>\n<p><strong>Best Players \/ MVPs:<\/strong><br \/>\n<span data-ft=\"{&quot;tn&quot;:&quot;K&quot;}\"><span class=\"UFICommentBody\">Jo\u00ebl Weicken, Pesis-Hirvet<br \/>\nHenna M\u00e4\u00e4tt\u00e4, Sinivalkoiset<br \/>\nAri Ik\u00e4l\u00e4inen, Wintin Hurjat<br \/>\nRoland Spinner, Finnpesis-Solothurn<br \/>\nTournament: Reto Brotschi, Finnpesis-Solothurn<\/span><\/span><\/p>\n<p><strong>Referees:\u00a0<\/strong><span data-ft=\"{&quot;tn&quot;:&quot;K&quot;}\"><span class=\"UFICommentBody\">Mikko Valtonen<\/span><\/span>, <span data-ft=\"{&quot;tn&quot;:&quot;K&quot;}\"><span class=\"UFICommentBody\">Jussi Salonen<\/span><\/span> and <span data-ft=\"{&quot;tn&quot;:&quot;K&quot;}\"><span class=\"UFICommentBody\">Jussi Nieminen<\/span><\/span><\/p>\n<p><strong>Gesamttabelle nach 3\/3 Spieltagen<br \/>\n<\/strong><\/p>\n<table>\n<tbody>\n<tr>\n<td><b>Team<\/b><\/td>\n<td><b>L\u00e4ufe erzielt<\/b><\/td>\n<td><b>L\u00e4ufe erhalten<\/b><\/td>\n<td><b>Verh\u00e4ltnis<\/b><\/td>\n<td><b>Punkte<\/b><\/td>\n<\/tr>\n<tr>\n<td>Finnpesis-Solothurn<\/td>\n<td>60<\/td>\n<td>24<\/td>\n<td>+36<\/td>\n<td>18<\/td>\n<\/tr>\n<tr>\n<td>Wintin Hurjat<\/td>\n<td>39<\/td>\n<td>32<\/td>\n<td>+7<\/td>\n<td>9<\/td>\n<\/tr>\n<tr>\n<td>Sinivalkoiset<\/td>\n<td>26<\/td>\n<td>35<\/td>\n<td>-9<\/td>\n<td>7<\/td>\n<\/tr>\n<tr>\n<td>Pesis-Hirvet<\/td>\n<td>22<\/td>\n<td>56<\/td>\n<td>-34<\/td>\n<td>1<\/td>\n<\/tr>\n<\/tbody>\n<\/table>\n<p><strong>Spielberichte<\/strong><\/p>\n<p><a href=\"http:\/\/pesis.ch\/?p=442\">12 Juni 2016 &#8211; Z\u00fcrich<\/a><br \/>\n<a href=\"http:\/\/pesis.ch\/?p=455\">28 August 2016 &#8211; St. Gallen<\/a><br \/>\n<a href=\"http:\/\/pesis.ch\/?p=479\">24 September 2016 &#8211; Winterthur<\/a><\/p>\n<p><strong>Die Platzierung aus dem Vorjahr (2015)<br \/>\n<\/strong><\/p>\n<ol>\n<li>Finnpesis Solothurn<\/li>\n<li>Z\u00fcrich Sinivalkoiset<\/li>\n<li>Wintin-Hurjat<\/li>\n<li>Pesis-Hirvet<\/li>\n<\/ol>\n","protected":false},"excerpt":{"rendered":"<p>Platzierung Rang Team 1. Finnpesis-Solothurn 2. Wintin Hurjat 3. Sinivalkoiset (Z\u00fcrich) 4. Pesis-Hirvet (Ostschweiz) Best Players \/ MVPs: Jo\u00ebl Weicken, Pesis-Hirvet Henna M\u00e4\u00e4tt\u00e4, Sinivalkoiset Ari Ik\u00e4l\u00e4inen, Wintin Hurjat Roland Spinner, Finnpesis-Solothurn Tournament: Reto Brotschi, Finnpesis-Solothurn Referees:\u00a0Mikko Valtonen, Jussi Salonen and Jussi Nieminen Gesamttabelle nach 3\/3 Spieltagen Team L\u00e4ufe erzielt L\u00e4ufe erhalten Verh\u00e4ltnis Punkte Finnpesis-Solothurn 60 [&hellip;]<\/p>\n","protected":false},"author":3,"featured_media":0,"parent":57,"menu_order":0,"comment_status":"closed","ping_status":"closed","template":"","meta":{"footnotes":""},"class_list":["post-577","page","type-page","status-publish","hentry","post-preview"],"_links":{"self":[{"href":"https:\/\/pesis.ch\/index.php?rest_route=\/wp\/v2\/pages\/577","targetHints":{"allow":["GET"]}}],"collection":[{"href":"https:\/\/pesis.ch\/index.php?rest_route=\/wp\/v2\/pages"}],"about":[{"href":"https:\/\/pesis.ch\/index.php?rest_route=\/wp\/v2\/types\/page"}],"author":[{"embeddable":true,"href":"https:\/\/pesis.ch\/index.php?rest_route=\/wp\/v2\/users\/3"}],"replies":[{"embeddable":true,"href":"https:\/\/pesis.ch\/index.php?rest_route=%2Fwp%2Fv2%2Fcomments&post=577"}],"version-history":[{"count":0,"href":"https:\/\/pesis.ch\/index.php?rest_route=\/wp\/v2\/pages\/577\/revisions"}],"up":[{"embeddable":true,"href":"https:\/\/pesis.ch\/index.php?rest_route=\/wp\/v2\/pages\/57"}],"wp:attachment":[{"href":"https:\/\/pesis.ch\/index.php?rest_route=%2Fwp%2Fv2%2Fmedia&parent=577"}],"curies":[{"name":"wp","href":"https:\/\/api.w.org\/{rel}","templated":true}]}}