{"id":515,"date":"2019-08-22T11:08:26","date_gmt":"2019-08-22T11:08:26","guid":{"rendered":"http:\/\/pesis.ch\/?page_id=515"},"modified":"2023-05-08T15:26:37","modified_gmt":"2023-05-08T15:26:37","slug":"finnpesis-solothurn","status":"publish","type":"page","link":"https:\/\/pesis.ch\/?page_id=515","title":{"rendered":"Finnpesis Solothurn"},"content":{"rendered":"\n<p class=\"paragraph_style_2\">Finnpesis Solothurn ist von der Pes\u00e4pallokarte der Schweiz nicht mehr wegzudenken. In den seit rund 20 Jahren stattfindenden Schweizermeister- schaften konnte Solothurn eine deutliche Mehrheit der Titel f\u00fcr sich entscheiden.<br><br>Unsere Motivation ist, all jenen die Sportart Pes\u00e4pallo n\u00e4her zu bringen, welche Spass an sportlicher Bet\u00e4tigung haben, etwas Neues ausprobieren m\u00f6chten und interessiert sind am gesellschaftlichen Miteinander. <\/p>\n\n\n\n<figure class=\"wp-block-image size-large\"><img loading=\"lazy\" decoding=\"async\" width=\"1024\" height=\"571\" src=\"https:\/\/pesis.ch\/wp-content\/uploads\/2022\/10\/2022_SM_Solothurn-1024x571.jpg\" alt=\"\" class=\"wp-image-1999\" srcset=\"https:\/\/pesis.ch\/wp-content\/uploads\/2022\/10\/2022_SM_Solothurn-1024x571.jpg 1024w, https:\/\/pesis.ch\/wp-content\/uploads\/2022\/10\/2022_SM_Solothurn-300x167.jpg 300w, https:\/\/pesis.ch\/wp-content\/uploads\/2022\/10\/2022_SM_Solothurn-768x429.jpg 768w, https:\/\/pesis.ch\/wp-content\/uploads\/2022\/10\/2022_SM_Solothurn-1536x857.jpg 1536w, https:\/\/pesis.ch\/wp-content\/uploads\/2022\/10\/2022_SM_Solothurn-676x377.jpg 676w, https:\/\/pesis.ch\/wp-content\/uploads\/2022\/10\/2022_SM_Solothurn.jpg 1618w\" sizes=\"auto, (max-width: 1024px) 100vw, 1024px\" \/><\/figure>\n\n\n\n<p class=\"paragraph_style_2\"><span class=\"style_2\"><strong>Mehr Infos<\/strong><br><a href=\"http:\/\/www.finnpesissolothurn.ch\">http:\/\/www.finnpesissolothurn.ch<\/a><\/span><\/p>\n\n\n\n<p><strong>Training<\/strong><br> Sommer (April bis Ende September)<br>\u2022 jeden Mittwoch 18-21 Uhr, Sportplatz vis-\u00e0-vis Einfahrt Kehrichtverbrennungsanlage, zwischen Zuchwil und Luterbach <\/p>\n\n\n\n<p><strong>Kontakt<\/strong><\/p>\n\n\n\n<figure class=\"wp-block-table\"><table><tbody><tr><td>Pr\u00e4sident<\/td><td>&nbsp;<\/td><td><strong>Reto <\/strong>Brotschi <p> <a href=\"mailto:retobrotschi@gmx.ch?subject=Finnpesis Solothurn\">e-mail<\/a><br>+41 79 352 48 01<\/p> <\/td><\/tr><tr><td>Web-Administrator \/ Sponsoring<\/td><td>&nbsp;<\/td><td><strong>Nathanael <\/strong>Greuter <p>&nbsp;<a href=\"mailto:nathanael.greuter@hotmail.com?subject=Finnpesis Solothurn\">e-mail<\/a><\/p> <\/td><\/tr><\/tbody><\/table><\/figure>\n","protected":false},"excerpt":{"rendered":"<p>Finnpesis Solothurn ist von der Pes\u00e4pallokarte der Schweiz nicht mehr wegzudenken. In den seit rund 20 Jahren stattfindenden Schweizermeister- schaften konnte Solothurn eine deutliche Mehrheit der Titel f\u00fcr sich entscheiden. Unsere Motivation ist, all jenen die Sportart Pes\u00e4pallo n\u00e4her zu bringen, welche Spass an sportlicher Bet\u00e4tigung haben, etwas Neues ausprobieren m\u00f6chten und interessiert sind am [&hellip;]<\/p>\n","protected":false},"author":3,"featured_media":1555,"parent":35,"menu_order":0,"comment_status":"closed","ping_status":"closed","template":"","meta":{"footnotes":""},"class_list":["post-515","page","type-page","status-publish","has-post-thumbnail","hentry","post-preview"],"_links":{"self":[{"href":"https:\/\/pesis.ch\/index.php?rest_route=\/wp\/v2\/pages\/515","targetHints":{"allow":["GET"]}}],"collection":[{"href":"https:\/\/pesis.ch\/index.php?rest_route=\/wp\/v2\/pages"}],"about":[{"href":"https:\/\/pesis.ch\/index.php?rest_route=\/wp\/v2\/types\/page"}],"author":[{"embeddable":true,"href":"https:\/\/pesis.ch\/index.php?rest_route=\/wp\/v2\/users\/3"}],"replies":[{"embeddable":true,"href":"https:\/\/pesis.ch\/index.php?rest_route=%2Fwp%2Fv2%2Fcomments&post=515"}],"version-history":[{"count":12,"href":"https:\/\/pesis.ch\/index.php?rest_route=\/wp\/v2\/pages\/515\/revisions"}],"predecessor-version":[{"id":2052,"href":"https:\/\/pesis.ch\/index.php?rest_route=\/wp\/v2\/pages\/515\/revisions\/2052"}],"up":[{"embeddable":true,"href":"https:\/\/pesis.ch\/index.php?rest_route=\/wp\/v2\/pages\/35"}],"wp:featuredmedia":[{"embeddable":true,"href":"https:\/\/pesis.ch\/index.php?rest_route=\/wp\/v2\/media\/1555"}],"wp:attachment":[{"href":"https:\/\/pesis.ch\/index.php?rest_route=%2Fwp%2Fv2%2Fmedia&parent=515"}],"curies":[{"name":"wp","href":"https:\/\/api.w.org\/{rel}","templated":true}]}}