{"id":44,"date":"2014-08-15T13:38:04","date_gmt":"2014-08-15T13:38:04","guid":{"rendered":"http:\/\/pesis.ch\/?page_id=44"},"modified":"2021-02-27T12:20:40","modified_gmt":"2021-02-27T12:20:40","slug":"pesis-ch","status":"publish","type":"page","link":"https:\/\/pesis.ch\/?page_id=44","title":{"rendered":"Pesis.ch"},"content":{"rendered":"<p>Die Webseite soll als Anlaufstelle f\u00fcr Informationen rund um Pes\u00e4pallo in der Schweiz dienen.<\/p>\n<p><a title=\"Der Sport \u201cPes\u00e4pallo\u201d\" href=\"http:\/\/pesis.ch\/?page_id=31\">Was ist Pes\u00e4pallo?<\/a><\/p>\n<p><a title=\"Teams\" href=\"http:\/\/pesis.ch\/?page_id=35\">Welche Teams gibt es in der Schweiz?<\/a><\/p>\n<p><a title=\"Spieldaten\" href=\"http:\/\/pesis.ch\/?page_id=24\">Wann und wo wird gespielt?<\/a><\/p>\n<p><a href=\"https:\/\/pesis.ch\/?page_id=1699\">Wer betreibt pesis.ch?<\/a><\/p>\n\n\n<p><\/p>\n","protected":false},"excerpt":{"rendered":"<p>Die Webseite soll als Anlaufstelle f\u00fcr Informationen rund um Pes\u00e4pallo in der Schweiz dienen. Was ist Pes\u00e4pallo? Welche Teams gibt es in der Schweiz? Wann und wo wird gespielt? Wer betreibt pesis.ch?<\/p>\n","protected":false},"author":3,"featured_media":0,"parent":0,"menu_order":80,"comment_status":"closed","ping_status":"closed","template":"","meta":{"footnotes":""},"class_list":["post-44","page","type-page","status-publish","hentry","post-preview"],"_links":{"self":[{"href":"https:\/\/pesis.ch\/index.php?rest_route=\/wp\/v2\/pages\/44","targetHints":{"allow":["GET"]}}],"collection":[{"href":"https:\/\/pesis.ch\/index.php?rest_route=\/wp\/v2\/pages"}],"about":[{"href":"https:\/\/pesis.ch\/index.php?rest_route=\/wp\/v2\/types\/page"}],"author":[{"embeddable":true,"href":"https:\/\/pesis.ch\/index.php?rest_route=\/wp\/v2\/users\/3"}],"replies":[{"embeddable":true,"href":"https:\/\/pesis.ch\/index.php?rest_route=%2Fwp%2Fv2%2Fcomments&post=44"}],"version-history":[{"count":3,"href":"https:\/\/pesis.ch\/index.php?rest_route=\/wp\/v2\/pages\/44\/revisions"}],"predecessor-version":[{"id":1704,"href":"https:\/\/pesis.ch\/index.php?rest_route=\/wp\/v2\/pages\/44\/revisions\/1704"}],"wp:attachment":[{"href":"https:\/\/pesis.ch\/index.php?rest_route=%2Fwp%2Fv2%2Fmedia&parent=44"}],"curies":[{"name":"wp","href":"https:\/\/api.w.org\/{rel}","templated":true}]}}