{"id":31,"date":"2014-08-15T13:20:24","date_gmt":"2014-08-15T13:20:24","guid":{"rendered":"http:\/\/pesis.ch\/?page_id=31"},"modified":"2022-09-26T19:17:44","modified_gmt":"2022-09-26T19:17:44","slug":"der-sport-pesaepallo","status":"publish","type":"page","link":"https:\/\/pesis.ch\/?page_id=31","title":{"rendered":"Der Sport &#171;Pes\u00e4pallo&#187;"},"content":{"rendered":"<p><strong>Herkunft<\/strong><br \/>\n\u201cPes\u00e4pallo\u201d so nennt sich die finnische Version vom klassichen Baseball. Die Feldsportart wurde 1922 vom Finnen Lauri Pihkala nach einem USA-Aufenthalt entwickelt und ist heute einer der Nationalsportarten Finnlands.<\/p>\n<p><iframe loading=\"lazy\" title=\"PES\u00c4PALLO: FINLAND\u2019S ANSWER TO BASEBALL |  MLB EUROPE PLAY STORIES\" width=\"676\" height=\"380\" src=\"https:\/\/www.youtube.com\/embed\/Pz19WhYxaxA?feature=oembed\" frameborder=\"0\" allow=\"accelerometer; autoplay; clipboard-write; encrypted-media; gyroscope; picture-in-picture\" allowfullscreen><\/iframe><\/p>\n<p><strong>Unterschied<\/strong><br \/>\nIm Vergleich zur amerikanischen Spielweise unterscheiden sich die beiden Sportarten in diversen Punkten. So ist das Spielfeld im Pes\u00e4pallo begrentzt, in der Regel auf Sand und hat eine ungew\u00f6hnliche Anordnung der Nester (Bases). Ball und Schl\u00e4ger sind aus anderem Material. Auch das Regelwerk unterscheidet sich insofern, dass manch einer der \u00dcberzeugung ist Pes\u00e4pallo sei die schnelle und taktisch anspruchsvollere Version.<\/p>\n<p><iframe loading=\"lazy\" src=\"https:\/\/www.youtube.com\/embed\/yom1_q8WRck\" width=\"560\" height=\"315\" frameborder=\"0\" allowfullscreen=\"allowfullscreen\"><\/iframe><\/p>\n<p><strong>Pes\u00e4pallo in der Schweiz<\/strong><br \/>\nIn den 80\/90er Jahren hat die Sportart durch den SVFF (Schweizer Verband der Freunde Finnlands) und lokale Interessenten Fuss gefasst. Seither werden j\u00e4hrlich die Schweizer Meisterschaften abgehalten. Die letzten Jahre sind in der Regel stets die Teams aus Solothurn, Z\u00fcrich, Winterthur\/Baden und Ostschweiz (AR\/AI\/SG) vertreten. Gespielt wird seit 2013 neu wieder in einem Ligamodus der dazu dienen soll \u00fcber die ganze Season mehr Spielaktivit\u00e4t zu schaffen.<\/p>\n<p><strong>Superpesis \/ International<\/strong><br \/>\nDie h\u00f6chste Liga nennt sich \u201cSuperpesis\u201d und wird professionell in Finnland gespielt. Aber auch International werden seit 1992 Weltmeisterschaften gehalten. Seit 1997 fanden diese alle drei Jahre statt. Seit 2015 jedes zweite Jahr.<\/p>\n<p><iframe loading=\"lazy\" src=\"https:\/\/www.youtube.com\/embed\/H_navSFGj0I\" width=\"560\" height=\"315\" frameborder=\"0\" allowfullscreen=\"allowfullscreen\"><\/iframe><\/p>\n<p><a title=\"Regelwerk (english)\" href=\"https:\/\/www.pesis.fi\/wp-content\/uploads\/2019\/03\/Pesis-Info-in-English-Rules.pdf\" target=\"_blank\" rel=\"noopener noreferrer\">Regelwerk auf pesis.fi<\/a><\/p>\n<p>Mehr zu &#171;<a title=\"Pes\u00e4pallo\" href=\"http:\/\/de.wikipedia.org\/wiki\/Pes%C3%A4pallo\" target=\"_blank\" rel=\"noopener noreferrer\">Pes\u00e4pallo<\/a>&#187; auf Wikipedia.<\/p>\n","protected":false},"excerpt":{"rendered":"<p>Herkunft \u201cPes\u00e4pallo\u201d so nennt sich die finnische Version vom klassichen Baseball. Die Feldsportart wurde 1922 vom Finnen Lauri Pihkala nach einem USA-Aufenthalt entwickelt und ist heute einer der Nationalsportarten Finnlands. Unterschied Im Vergleich zur amerikanischen Spielweise unterscheiden sich die beiden Sportarten in diversen Punkten. So ist das Spielfeld im Pes\u00e4pallo begrentzt, in der Regel auf [&hellip;]<\/p>\n","protected":false},"author":3,"featured_media":0,"parent":44,"menu_order":0,"comment_status":"closed","ping_status":"open","template":"","meta":{"footnotes":""},"class_list":["post-31","page","type-page","status-publish","hentry","post-preview"],"_links":{"self":[{"href":"https:\/\/pesis.ch\/index.php?rest_route=\/wp\/v2\/pages\/31","targetHints":{"allow":["GET"]}}],"collection":[{"href":"https:\/\/pesis.ch\/index.php?rest_route=\/wp\/v2\/pages"}],"about":[{"href":"https:\/\/pesis.ch\/index.php?rest_route=\/wp\/v2\/types\/page"}],"author":[{"embeddable":true,"href":"https:\/\/pesis.ch\/index.php?rest_route=\/wp\/v2\/users\/3"}],"replies":[{"embeddable":true,"href":"https:\/\/pesis.ch\/index.php?rest_route=%2Fwp%2Fv2%2Fcomments&post=31"}],"version-history":[{"count":2,"href":"https:\/\/pesis.ch\/index.php?rest_route=\/wp\/v2\/pages\/31\/revisions"}],"predecessor-version":[{"id":1973,"href":"https:\/\/pesis.ch\/index.php?rest_route=\/wp\/v2\/pages\/31\/revisions\/1973"}],"up":[{"embeddable":true,"href":"https:\/\/pesis.ch\/index.php?rest_route=\/wp\/v2\/pages\/44"}],"wp:attachment":[{"href":"https:\/\/pesis.ch\/index.php?rest_route=%2Fwp%2Fv2%2Fmedia&parent=31"}],"curies":[{"name":"wp","href":"https:\/\/api.w.org\/{rel}","templated":true}]}}