{"id":178,"date":"2014-11-11T22:10:26","date_gmt":"2014-11-11T22:10:26","guid":{"rendered":"http:\/\/pesis.ch\/?page_id=178"},"modified":"2014-11-11T22:10:26","modified_gmt":"2014-11-11T22:10:26","slug":"2014-2","status":"publish","type":"page","link":"https:\/\/pesis.ch\/?page_id=178","title":{"rendered":"2014"},"content":{"rendered":"<p>\t\t\t\t<strong>\u00a0Platzierung<\/strong><\/p>\n<table>\n<tbody>\n<tr>\n<td><b>Rang<\/b><\/td>\n<td><b>Team<\/b><\/td>\n<\/tr>\n<tr>\n<td>\u00a01.<\/td>\n<td>Finnpesis-Solothurn<\/td>\n<\/tr>\n<tr>\n<td>\u00a02.<\/td>\n<td>Sinivalkoiset (Z\u00fcrich)<\/td>\n<\/tr>\n<tr>\n<td>\u00a03.<\/td>\n<td>Pesis-Hirvet (Ostschweiz)<\/td>\n<\/tr>\n<tr>\n<td>\u00a04.<\/td>\n<td>Wintin Hurjat<\/td>\n<\/tr>\n<\/tbody>\n<\/table>\n<p>Referee: Antti &amp; Mika<br \/>\nHost: Sinivalkoiset (Z\u00fcrich)<strong>, <\/strong>Sonntag in Turgi (AG)<br \/>\nBericht: <a title=\"Ein spezielles Saisonende\" href=\"http:\/\/pesis.ch\/?p=115\">Zum Beitrag<\/a><\/p>\n<p><strong>Tabelle nach 3\/3 Ligaspieltagen:<br \/>\n<\/strong><\/p>\n<table>\n<tbody>\n<tr>\n<td><b>Team<\/b><\/td>\n<td><b>L\u00e4ufe erzielt<\/b><\/td>\n<td><b>L\u00e4ufe erhalten<\/b><\/td>\n<td><b>Verh\u00e4ltnis<\/b><\/td>\n<td><b>Punkte<\/b><\/td>\n<\/tr>\n<tr>\n<td>Pesis-Hirvet<\/td>\n<td>\u00a047<\/td>\n<td>47<\/td>\n<td>0<\/td>\n<td>\u00a013<\/td>\n<\/tr>\n<tr>\n<td>Finnpesis-Solothurn<\/td>\n<td>\u00a070<\/td>\n<td>31<\/td>\n<td>+39<\/td>\n<td>\u00a012<\/td>\n<\/tr>\n<tr>\n<td>Sinivalkoiset<\/td>\n<td>\u00a046<\/td>\n<td>30<\/td>\n<td>+16<\/td>\n<td>\u00a09<\/td>\n<\/tr>\n<tr>\n<td>Wintin Hurjat<\/td>\n<td>\u00a020<\/td>\n<td>76<\/td>\n<td>-56<\/td>\n<td>\u00a00<\/td>\n<\/tr>\n<\/tbody>\n<\/table>\n<p>&nbsp;<\/p>\n<p><strong>Die Platzierung aus dem Vorjahr<br \/>\n<\/strong><\/p>\n<ol>\n<li>Finnpesis Solothurn<\/li>\n<li>Pesis-Hirvet<\/li>\n<li>Z\u00fcrich Sinivalkoiset<\/li>\n<li>Wintin-Hurjat<\/li>\n<\/ol>\n<p>&nbsp;<\/p>\n<p><strong>3\/3 Ligaspieltag &#8211; <a title=\"Ein spezielles Saisonende\" href=\"http:\/\/pesis.ch\/?p=115\">Bericht<\/a><br \/>\n<\/strong><\/p>\n<table>\n<tbody>\n<tr>\n<td><b>Spiel<\/b><\/td>\n<td><\/td>\n<td><\/td>\n<td style=\"text-align: center;\"><b>Resultat<\/b><\/td>\n<td style=\"text-align: center;\"><b>Punkte<\/b><\/td>\n<\/tr>\n<tr>\n<td>Sinivalkoiset \u2013 Wintin Hurjat<\/td>\n<td><\/td>\n<td><\/td>\n<td style=\"text-align: center;\">10:1 | 4:2<\/td>\n<td style=\"text-align: center;\">3:0<\/td>\n<\/tr>\n<tr>\n<td>Pesis-Hirvet \u2013 Finnpesis Solothurn<\/td>\n<td><\/td>\n<td><\/td>\n<td style=\"text-align: center;\">6:2 | 7:6<\/td>\n<td style=\"text-align: center;\">3:0<\/td>\n<\/tr>\n<tr>\n<td>Wintin Hurjat \u2013 Finnpesis Solothurn<\/td>\n<td><\/td>\n<td><\/td>\n<td style=\"text-align: center;\">1:5 | 5:7<\/td>\n<td style=\"text-align: center;\">0:3<\/td>\n<\/tr>\n<tr>\n<td>Sinivalkoiset \u2013 Pesis-Hirvet<\/td>\n<td><\/td>\n<td><\/td>\n<td style=\"text-align: center;\">2:3 | 4:2 (4:5)<\/td>\n<td style=\"text-align: center;\">1:2<\/td>\n<\/tr>\n<\/tbody>\n<\/table>\n<p>&nbsp;<\/p>\n<p><strong>2\/3 Ligaspieltag &#8211; <a title=\"Wechselhaft mit \u00dcberraschungen\" href=\"http:\/\/pesis.ch\/?p=84\">Bericht<\/a><br \/>\n<\/strong><\/p>\n<table width=\"387\">\n<tbody>\n<tr>\n<td width=\"227\">Wintin Hurjat \u2013 Pesis-Hirvet<\/td>\n<td width=\"80\">\n<p style=\"text-align: center;\"><strong>L\u00e4ufe<\/strong><\/p>\n<p style=\"text-align: center;\">1:7<\/p>\n<\/td>\n<td width=\"80\">\n<p style=\"text-align: center;\"><strong>Punkte<\/strong><\/p>\n<p style=\"text-align: center;\">0:3<\/p>\n<\/td>\n<\/tr>\n<tr>\n<td>Finnpesis Solothurn \u2013 Sinivalkoiset<\/td>\n<td style=\"text-align: center;\">2:2 (0:1)<\/td>\n<td style=\"text-align: center;\">1:2<\/td>\n<\/tr>\n<tr>\n<td>Sinivalkoiset \u2013 Pesis-Hirvet<\/td>\n<td style=\"text-align: center;\">5:6<\/td>\n<td style=\"text-align: center;\">0:2<\/td>\n<\/tr>\n<tr>\n<td>Wintin Hurjat \u2013 Finnpesis Solothurn<\/td>\n<td style=\"text-align: center;\">0:18<\/td>\n<td style=\"text-align: center;\">0:3<\/td>\n<\/tr>\n<\/tbody>\n<\/table>\n<p>&nbsp;<\/p>\n<p><strong>1\/3 Ligaspieltag &#8211; <a title=\"Titelverteidiger setzt sich an die Tabellenspitze\" href=\"http:\/\/pesis.ch\/?p=70\">Bericht<\/a><br \/>\n<\/strong><\/p>\n<table>\n<tbody>\n<tr>\n<td><b>Team<\/b><\/td>\n<td><b>L\u00e4ufe erzielt<\/b><\/td>\n<td><b>L\u00e4ufe erhalten<\/b><\/td>\n<td><b>Verh\u00e4ltnis<\/b><\/td>\n<td><b>Punkte<\/b><\/td>\n<\/tr>\n<tr>\n<td>Finnpesis-Solothurn<\/td>\n<td>30<\/td>\n<td>10<\/td>\n<td>+20<\/td>\n<td>5<\/td>\n<\/tr>\n<tr>\n<td>Sinivalkoiset<\/td>\n<td>19<\/td>\n<td>14<\/td>\n<td>+5<\/td>\n<td>3<\/td>\n<\/tr>\n<tr>\n<td>Pesis-Hirvet<\/td>\n<td>16<\/td>\n<td>26<\/td>\n<td>-10<\/td>\n<td>3<\/td>\n<\/tr>\n<tr>\n<td>Wintin Hurjat<\/td>\n<td>10<\/td>\n<td>25<\/td>\n<td>-15<\/td>\n<td>0<\/td>\n<\/tr>\n<\/tbody>\n<\/table>\n","protected":false},"excerpt":{"rendered":"<p>\u00a0Platzierung Rang Team \u00a01. Finnpesis-Solothurn \u00a02. Sinivalkoiset (Z\u00fcrich) \u00a03. Pesis-Hirvet (Ostschweiz) \u00a04. Wintin Hurjat Referee: Antti &amp; Mika Host: Sinivalkoiset (Z\u00fcrich), Sonntag in Turgi (AG) Bericht: Zum Beitrag Tabelle nach 3\/3 Ligaspieltagen: Team L\u00e4ufe erzielt L\u00e4ufe erhalten Verh\u00e4ltnis Punkte Pesis-Hirvet \u00a047 47 0 \u00a013 Finnpesis-Solothurn \u00a070 31 +39 \u00a012 Sinivalkoiset \u00a046 30 +16 \u00a09 Wintin [&hellip;]<\/p>\n","protected":false},"author":3,"featured_media":0,"parent":57,"menu_order":0,"comment_status":"closed","ping_status":"closed","template":"","meta":{"footnotes":""},"class_list":["post-178","page","type-page","status-publish","hentry","post-preview"],"_links":{"self":[{"href":"https:\/\/pesis.ch\/index.php?rest_route=\/wp\/v2\/pages\/178","targetHints":{"allow":["GET"]}}],"collection":[{"href":"https:\/\/pesis.ch\/index.php?rest_route=\/wp\/v2\/pages"}],"about":[{"href":"https:\/\/pesis.ch\/index.php?rest_route=\/wp\/v2\/types\/page"}],"author":[{"embeddable":true,"href":"https:\/\/pesis.ch\/index.php?rest_route=\/wp\/v2\/users\/3"}],"replies":[{"embeddable":true,"href":"https:\/\/pesis.ch\/index.php?rest_route=%2Fwp%2Fv2%2Fcomments&post=178"}],"version-history":[{"count":0,"href":"https:\/\/pesis.ch\/index.php?rest_route=\/wp\/v2\/pages\/178\/revisions"}],"up":[{"embeddable":true,"href":"https:\/\/pesis.ch\/index.php?rest_route=\/wp\/v2\/pages\/57"}],"wp:attachment":[{"href":"https:\/\/pesis.ch\/index.php?rest_route=%2Fwp%2Fv2%2Fmedia&parent=178"}],"curies":[{"name":"wp","href":"https:\/\/api.w.org\/{rel}","templated":true}]}}