{"id":1415,"date":"2019-09-24T11:51:18","date_gmt":"2019-09-24T11:51:18","guid":{"rendered":"https:\/\/pesis.ch\/?page_id=1415"},"modified":"2019-09-24T11:53:40","modified_gmt":"2019-09-24T11:53:40","slug":"2019-2","status":"publish","type":"page","link":"https:\/\/pesis.ch\/?page_id=1415","title":{"rendered":"2019"},"content":{"rendered":"\n<p><strong>Platzierung<\/strong><\/p>\n\n\n\n<table class=\"wp-block-table\"><tbody><tr><td>Schweizer Meister<\/td><td>Finnpesis Solothurn<\/td><\/tr><tr><td>2nd<\/td><td>Baselin Punaset<\/td><\/tr><tr><td>3rd<\/td><td>Z\u00fcrich Sinivalkoiset<\/td><\/tr><tr><td>4th<\/td><td>Pesis-Hirvet<\/td><\/tr><tr><td>5th<\/td><td>Wintin Hurjat<\/td><\/tr><\/tbody><\/table>\n\n\n\n<p><strong>Finals 2019 &#8211; Best Players<\/strong><\/p>\n\n\n\n<table class=\"wp-block-table\"><tbody><tr><td>Wintin Hurjat<\/td><td><em>&#171;The Mum&#187;<\/em><br>Roman<\/td><\/tr><tr><td>Baselin Punaset<\/td><td>Hanna<\/td><\/tr><tr><td>Pesis-Hirvet<\/td><td><em> &#171;Sch\u00f6gu&#187;<\/em><br>Jo\u00ebl<\/td><\/tr><tr><td>Sinivalkoiset<\/td><td><em>&#171;Kari the Beast&#187;<\/em><br>Kari<\/td><\/tr><tr><td>Finnpesis Solothurn<\/td><td><em>&#171;D\u00f6me&#187;<\/em><br><\/td><\/tr><tr><td>Tournament MVP<\/td><td><br>N\u00e4thu<\/td><\/tr><\/tbody><\/table>\n\n\n\n<p><strong>Gesamttabelle nach 4\/4 Spieltagen<\/strong><\/p>\n\n\n\n<table class=\"wp-block-table\"><tbody><tr><td><strong>Team<\/strong><\/td><td><strong>L\u00e4ufe erzielt<\/strong><\/td><td><strong>L\u00e4ufe erhalten<\/strong><\/td><td><strong>Verh\u00e4ltnis<\/strong><\/td><td><strong>Punkte<\/strong><\/td><\/tr><tr><td>Pesis-Hirvet<\/td><td>67<\/td><td>27<\/td><td>+40<\/td><td>20<\/td><\/tr><tr><td>Finnpesis Solothurn <\/td><td>63<\/td><td>16<\/td><td>+47<\/td><td>19<\/td><\/tr><tr><td>Sinivalkoiset<\/td><td>33<\/td><td>66<\/td><td>-33<\/td><td>9<\/td><\/tr><tr><td>Wintin Hurjat <\/td><td>28<\/td><td>57<\/td><td>-29<\/td><td>6<\/td><\/tr><tr><td>Baselin Punaset <\/td><td>32<\/td><td>57<\/td><td>-25<\/td><td>5<\/td><\/tr><\/tbody><\/table>\n\n\n\n<p><strong>Spielberichte<\/strong><\/p>\n\n\n\n<ul><li><a href=\"https:\/\/pesis.ch\/?p=1186\">19. Mai &#8211; Heiden AR<\/a><\/li><li><a href=\"https:\/\/pesis.ch\/?p=1231\">16. Juni &#8211; M\u00fcnchenstein (BL)<\/a><\/li><li><a href=\"https:\/\/pesis.ch\/?p=1265\">18. August &#8211; Winterthur (Sporrer)<\/a><\/li><li><a href=\"https:\/\/pesis.ch\/?p=1338\">21. September- Solothurn<\/a><\/li><li><a href=\"https:\/\/pesis.ch\/?p=1368\">22. September- Solothurn<\/a><\/li><\/ul>\n\n\n\n<p><strong>Die Platzierung aus dem Vorjahr (2018)<\/strong><\/p>\n\n\n\n<p><ol><li>Finnpesis Solothurn<\/li><li>Sinivalkoiset<\/li><li>Pesis-Hirvet<\/li><li>Baselin Punaset<\/li><li>Wintin Hurjat<\/li><\/ol><\/p>\n","protected":false},"excerpt":{"rendered":"<p>Platzierung Schweizer Meister Finnpesis Solothurn 2nd Baselin Punaset 3rd Z\u00fcrich Sinivalkoiset 4th Pesis-Hirvet 5th Wintin Hurjat Finals 2019 &#8211; Best Players Wintin Hurjat &#171;The Mum&#187;Roman Baselin Punaset Hanna Pesis-Hirvet &#171;Sch\u00f6gu&#187;Jo\u00ebl Sinivalkoiset &#171;Kari the Beast&#187;Kari Finnpesis Solothurn &#171;D\u00f6me&#187; Tournament MVP N\u00e4thu Gesamttabelle nach 4\/4 Spieltagen Team L\u00e4ufe erzielt L\u00e4ufe erhalten Verh\u00e4ltnis Punkte Pesis-Hirvet 67 27 +40 [&hellip;]<\/p>\n","protected":false},"author":1,"featured_media":0,"parent":57,"menu_order":0,"comment_status":"closed","ping_status":"closed","template":"","meta":{"footnotes":""},"class_list":["post-1415","page","type-page","status-publish","hentry","post-preview"],"_links":{"self":[{"href":"https:\/\/pesis.ch\/index.php?rest_route=\/wp\/v2\/pages\/1415","targetHints":{"allow":["GET"]}}],"collection":[{"href":"https:\/\/pesis.ch\/index.php?rest_route=\/wp\/v2\/pages"}],"about":[{"href":"https:\/\/pesis.ch\/index.php?rest_route=\/wp\/v2\/types\/page"}],"author":[{"embeddable":true,"href":"https:\/\/pesis.ch\/index.php?rest_route=\/wp\/v2\/users\/1"}],"replies":[{"embeddable":true,"href":"https:\/\/pesis.ch\/index.php?rest_route=%2Fwp%2Fv2%2Fcomments&post=1415"}],"version-history":[{"count":3,"href":"https:\/\/pesis.ch\/index.php?rest_route=\/wp\/v2\/pages\/1415\/revisions"}],"predecessor-version":[{"id":1421,"href":"https:\/\/pesis.ch\/index.php?rest_route=\/wp\/v2\/pages\/1415\/revisions\/1421"}],"up":[{"embeddable":true,"href":"https:\/\/pesis.ch\/index.php?rest_route=\/wp\/v2\/pages\/57"}],"wp:attachment":[{"href":"https:\/\/pesis.ch\/index.php?rest_route=%2Fwp%2Fv2%2Fmedia&parent=1415"}],"curies":[{"name":"wp","href":"https:\/\/api.w.org\/{rel}","templated":true}]}}