{"id":1157,"date":"2019-05-07T19:55:16","date_gmt":"2019-05-07T19:55:16","guid":{"rendered":"https:\/\/pesis.ch\/?page_id=1157"},"modified":"2019-05-07T19:56:36","modified_gmt":"2019-05-07T19:56:36","slug":"2018-2","status":"publish","type":"page","link":"https:\/\/pesis.ch\/?page_id=1157","title":{"rendered":"2018"},"content":{"rendered":"\n<p><strong>Platzierung<\/strong><\/p>\n\n\n\n<table class=\"wp-block-table\"><tbody><tr><td>Schweizer Meister<\/td><td>Finnpesis Solothurn<\/td><\/tr><tr><td>2nd<\/td><td>Z\u00fcrich Sinivalkoiset<\/td><\/tr><tr><td>3rd<\/td><td>Pesis-Hirvet<\/td><\/tr><tr><td>4th<\/td><td>Baselin Punaset<\/td><\/tr><tr><td>5th<\/td><td>Wintin Hurjat<\/td><\/tr><\/tbody><\/table>\n\n\n\n<p><strong>Finals 2018 &#8211; Best Players<br><\/strong><\/p>\n\n\n\n<table class=\"wp-block-table\"><tbody><tr><td>Wintin Hurjat<\/td><td><em>&#171;The Mum&#187;<\/em><br>Roman Mumenthaler<\/td><\/tr><tr><td>Baselin Punaset<\/td><td>Taimi Kaarto<\/td><\/tr><tr><td>Pesis-Hirvet<\/td><td><em> &#171;Sch\u00f6gu&#187;<\/em><br>Jo\u00ebl Weicken<\/td><\/tr><tr><td>Sinivalkoiset<\/td><td><em>&#171;Kari the Beast&#187;<\/em><br>Kari Isotalus<\/td><\/tr><tr><td>Finnpesis Solothurn<\/td><td><em>&#171;N\u00e4tu&#187;<\/em><br>Nathanael Greuter<\/td><\/tr><tr><td>Tournament MVP<\/td><td><em>&#171;The one and only&#187;<\/em><br>Reto Brotschi<\/td><\/tr><\/tbody><\/table>\n\n\n\n<p><strong>Gesamttabelle nach 2\/2 Spieltagen<br><\/strong><\/p>\n\n\n\n<table class=\"wp-block-table\"><tbody><tr><td><strong>Team<\/strong><\/td><td><strong>L\u00e4ufe erzielt<\/strong><\/td><td><strong>L\u00e4ufe erhalten<\/strong><\/td><td><strong>Verh\u00e4ltnis<\/strong><\/td><td><strong>Punkte<\/strong><\/td><\/tr><tr><td>Finnpesis-Solothurn<\/td><td>47<\/td><td>8<\/td><td>+39<\/td><td>11<\/td><\/tr><tr><td>Z\u00fcrich Sinivalkoiset<\/td><td>36<\/td><td>17<\/td><td>+19<\/td><td>7<\/td><\/tr><tr><td>Pesis-Hirvet<\/td><td>20<\/td><td>34<\/td><td>-14<\/td><td>6<\/td><\/tr><tr><td>Baselin Punaset<\/td><td>14<\/td><td>30<\/td><td>-16<\/td><td>2<\/td><\/tr><tr><td>Wintin Hurjat<\/td><td>10<\/td><td>38<\/td><td>-28<\/td><td>2<\/td><\/tr><\/tbody><\/table>\n\n\n\n<p><strong>Spielberichte<\/strong><\/p>\n\n\n\n<ul class=\"wp-block-list\"><li><a href=\"http:\/\/pesis.ch\/?p=865\">10. Juni, Solothurn<\/a><\/li><li><a href=\"http:\/\/pesis.ch\/?p=909\">19. August, Winterthur<\/a><\/li><li><a href=\"http:\/\/pesis.ch\/?p=928\">22. September, Winterthur<\/a><\/li><li><a href=\"http:\/\/pesis.ch\/?p=923\">23. September, Winterthur<\/a><\/li><\/ul>\n\n\n\n<p><strong>Die Platzierung aus dem Vorjahr (2017)<br><\/strong><\/p>\n\n\n\n<ol class=\"wp-block-list\"><li>Finnpesis Solothurn<\/li><li>Sinivalkoiset<\/li><li>Wintin Hurjat<\/li><li>Pesis-Hirvet<\/li><\/ol>\n","protected":false},"excerpt":{"rendered":"<p>Platzierung Schweizer Meister Finnpesis Solothurn 2nd Z\u00fcrich Sinivalkoiset 3rd Pesis-Hirvet 4th Baselin Punaset 5th Wintin Hurjat Finals 2018 &#8211; Best Players Wintin Hurjat &#171;The Mum&#187;Roman Mumenthaler Baselin Punaset Taimi Kaarto Pesis-Hirvet &#171;Sch\u00f6gu&#187;Jo\u00ebl Weicken Sinivalkoiset &#171;Kari the Beast&#187;Kari Isotalus Finnpesis Solothurn &#171;N\u00e4tu&#187;Nathanael Greuter Tournament MVP &#171;The one and only&#187;Reto Brotschi Gesamttabelle nach 2\/2 Spieltagen Team L\u00e4ufe [&hellip;]<\/p>\n","protected":false},"author":1,"featured_media":0,"parent":57,"menu_order":0,"comment_status":"closed","ping_status":"closed","template":"","meta":{"footnotes":""},"class_list":["post-1157","page","type-page","status-publish","hentry","post-preview"],"_links":{"self":[{"href":"https:\/\/pesis.ch\/index.php?rest_route=\/wp\/v2\/pages\/1157","targetHints":{"allow":["GET"]}}],"collection":[{"href":"https:\/\/pesis.ch\/index.php?rest_route=\/wp\/v2\/pages"}],"about":[{"href":"https:\/\/pesis.ch\/index.php?rest_route=\/wp\/v2\/types\/page"}],"author":[{"embeddable":true,"href":"https:\/\/pesis.ch\/index.php?rest_route=\/wp\/v2\/users\/1"}],"replies":[{"embeddable":true,"href":"https:\/\/pesis.ch\/index.php?rest_route=%2Fwp%2Fv2%2Fcomments&post=1157"}],"version-history":[{"count":3,"href":"https:\/\/pesis.ch\/index.php?rest_route=\/wp\/v2\/pages\/1157\/revisions"}],"predecessor-version":[{"id":1416,"href":"https:\/\/pesis.ch\/index.php?rest_route=\/wp\/v2\/pages\/1157\/revisions\/1416"}],"up":[{"embeddable":true,"href":"https:\/\/pesis.ch\/index.php?rest_route=\/wp\/v2\/pages\/57"}],"wp:attachment":[{"href":"https:\/\/pesis.ch\/index.php?rest_route=%2Fwp%2Fv2%2Fmedia&parent=1157"}],"curies":[{"name":"wp","href":"https:\/\/api.w.org\/{rel}","templated":true}]}}